{"id":1169,"date":"2025-01-07T18:43:53","date_gmt":"2025-01-07T17:43:53","guid":{"rendered":"https:\/\/cordano.it\/?page_id=1169"},"modified":"2025-02-07T18:13:22","modified_gmt":"2025-02-07T17:13:22","slug":"tenute","status":"publish","type":"page","link":"https:\/\/cordano.it\/en\/tenute\/","title":{"rendered":"Tenute"},"content":{"rendered":"<div data-elementor-type=\"wp-page\" data-elementor-id=\"1169\" class=\"elementor elementor-1169\" data-elementor-post-type=\"page\">\n\t\t\t\t<div class=\"elementor-element elementor-element-7309221a e-con-full e-flex e-con e-parent\" data-id=\"7309221a\" data-element_type=\"container\" data-settings=\"{&quot;background_background&quot;:&quot;classic&quot;}\">\n\t\t\t\t<div class=\"elementor-element elementor-element-baeb5d6 elementor-widget elementor-widget-video\" data-id=\"baeb5d6\" data-element_type=\"widget\" data-settings=\"{&quot;video_type&quot;:&quot;hosted&quot;,&quot;autoplay&quot;:&quot;yes&quot;,&quot;play_on_mobile&quot;:&quot;yes&quot;,&quot;mute&quot;:&quot;yes&quot;,&quot;loop&quot;:&quot;yes&quot;}\" data-widget_type=\"video.default\">\n\t\t\t\t<div class=\"elementor-widget-container\">\n\t\t\t\t\t\t\t<div class=\"e-hosted-video elementor-wrapper elementor-open-inline\">\n\t\t\t\t\t<video class=\"elementor-video\" src=\"https:\/\/dev.prezzemolostudio.it\/cordano\/cordanogroup\/wp-content\/uploads\/2025\/01\/cartinaanimata.mp4\" autoplay=\"\" loop=\"\" muted=\"muted\" playsinline=\"\" controlslist=\"nodownload\"><\/video>\n\t\t\t\t<\/div>\n\t\t\t\t\t\t<\/div>\n\t\t\t\t<\/div>\n\t\t\t\t<\/div>\n\t\t<div class=\"elementor-element elementor-element-837599f e-flex e-con-boxed e-con e-parent\" data-id=\"837599f\" data-element_type=\"container\">\n\t\t\t\t\t<div class=\"e-con-inner\">\n\t\t<div class=\"elementor-element elementor-element-d0b6433 e-con-full e-flex e-con e-child\" data-id=\"d0b6433\" data-element_type=\"container\">\n\t\t<div class=\"elementor-element elementor-element-b8a8f94 e-con-full e-flex e-con e-child\" data-id=\"b8a8f94\" data-element_type=\"container\">\n\t\t\t\t<div class=\"elementor-element elementor-element-a16fcd9 elementor-hidden-mobile elementor-widget-divider--view-line elementor-widget elementor-widget-divider\" data-id=\"a16fcd9\" data-element_type=\"widget\" data-widget_type=\"divider.default\">\n\t\t\t\t<div class=\"elementor-widget-container\">\n\t\t\t\t\t\t\t<div class=\"elementor-divider\">\n\t\t\t<span class=\"elementor-divider-separator\">\n\t\t\t\t\t\t<\/span>\n\t\t<\/div>\n\t\t\t\t\t\t<\/div>\n\t\t\t\t<\/div>\n\t\t\t\t<\/div>\n\t\t<div class=\"elementor-element elementor-element-0d78762 e-con-full e-flex e-con e-child\" data-id=\"0d78762\" data-element_type=\"container\">\n\t\t\t\t<div class=\"elementor-element elementor-element-8fe1c24 elementor-widget elementor-widget-heading\" data-id=\"8fe1c24\" data-element_type=\"widget\" data-widget_type=\"heading.default\">\n\t\t\t\t<div class=\"elementor-widget-container\">\n\t\t\t\t\t<h2 class=\"elementor-heading-title elementor-size-default\">LE TENUTE<\/h2>\t\t\t\t<\/div>\n\t\t\t\t<\/div>\n\t\t\t\t<\/div>\n\t\t<div class=\"elementor-element elementor-element-f23fece e-con-full e-flex e-con e-child\" data-id=\"f23fece\" data-element_type=\"container\">\n\t\t\t\t<div class=\"elementor-element elementor-element-27aec6b elementor-hidden-mobile elementor-widget-divider--view-line elementor-widget elementor-widget-divider\" data-id=\"27aec6b\" data-element_type=\"widget\" data-widget_type=\"divider.default\">\n\t\t\t\t<div class=\"elementor-widget-container\">\n\t\t\t\t\t\t\t<div class=\"elementor-divider\">\n\t\t\t<span class=\"elementor-divider-separator\">\n\t\t\t\t\t\t<\/span>\n\t\t<\/div>\n\t\t\t\t\t\t<\/div>\n\t\t\t\t<\/div>\n\t\t\t\t<\/div>\n\t\t\t\t<\/div>\n\t\t\t\t\t<\/div>\n\t\t\t\t<\/div>\n\t\t<div class=\"elementor-element elementor-element-198121b6 e-con-full e-flex e-con e-parent\" data-id=\"198121b6\" data-element_type=\"container\">\n\t\t<div class=\"elementor-element elementor-element-57858037 e-con-full e-flex e-con e-child\" data-id=\"57858037\" data-element_type=\"container\" data-settings=\"{&quot;background_background&quot;:&quot;classic&quot;}\">\n\t\t\t\t<\/div>\n\t\t<div class=\"elementor-element elementor-element-7d7b67f7 e-con-full e-flex e-con e-child\" data-id=\"7d7b67f7\" data-element_type=\"container\">\n\t\t\t\t<div class=\"elementor-element elementor-element-683ffe5f elementor-widget elementor-widget-heading\" data-id=\"683ffe5f\" data-element_type=\"widget\" data-widget_type=\"heading.default\">\n\t\t\t\t<div class=\"elementor-widget-container\">\n\t\t\t\t\t<h2 class=\"elementor-heading-title elementor-size-default\">Tenuta Marchesi de' Cordano<\/h2>\t\t\t\t<\/div>\n\t\t\t\t<\/div>\n\t\t\t\t<div class=\"elementor-element elementor-element-3b6d6ac elementor-widget elementor-widget-heading\" data-id=\"3b6d6ac\" data-element_type=\"widget\" data-widget_type=\"heading.default\">\n\t\t\t\t<div class=\"elementor-widget-container\">\n\t\t\t\t\t<h2 class=\"elementor-heading-title elementor-size-default\">LORETO APRUTINO (PE) HA 17,43,27<\/h2>\t\t\t\t<\/div>\n\t\t\t\t<\/div>\n\t\t\t\t<div class=\"elementor-element elementor-element-a8a10e elementor-widget elementor-widget-text-editor\" data-id=\"a8a10e\" data-element_type=\"widget\" data-widget_type=\"text-editor.default\">\n\t\t\t\t<div class=\"elementor-widget-container\">\n\t\t\t\t\t\t\t\t\t<p>La Tenuta <strong>Marchesi de\u2019 Cordano<\/strong> si trova a 30 km dal massiccio del Gran Sasso e a 30km dal Mar Adriatico, nella zona collinare che circonda Loreto Aprutino, ad un\u2019altitudine di <strong>307 mt. s.l.m.<\/strong>, con esposizione a Sud e Sud Est. I suoi 18 ettari, coltivati a vigneto, si estendono su un terreno di tipo argilloso e arenaceo-marnoso, facilmente intaccato dalle acque e accarezzato dalla brezza marina e dai venti freschi.<\/p><p>Questo aspetto pedoclimatico garantisce la coltivazione di un\u2019ampia variet\u00e0 di uve, quali: <em><strong>Montepulciano<\/strong><\/em> (ha 6,07,48), <em><strong>Trebbiano<\/strong><\/em> (ha 3,96,27), <em><strong>Pecorino<\/strong><\/em> (ha 1,66,36), <em><strong>Cococciola<\/strong><\/em> (ha 2,26,57), <em><strong>Passerina<\/strong><\/em> (ha 1,21,00) e <em><strong>Pinot Grigio<\/strong><\/em> (ha 2,25,59).<\/p>\t\t\t\t\t\t\t\t<\/div>\n\t\t\t\t<\/div>\n\t\t\t\t<\/div>\n\t\t\t\t<\/div>\n\t\t<div class=\"elementor-element elementor-element-7406dd5 e-con-full e-flex e-con e-parent\" data-id=\"7406dd5\" data-element_type=\"container\">\n\t\t<div class=\"elementor-element elementor-element-3d03f09 e-con-full e-flex e-con e-child\" data-id=\"3d03f09\" data-element_type=\"container\">\n\t\t\t\t<div class=\"elementor-element elementor-element-47a080f elementor-widget elementor-widget-heading\" data-id=\"47a080f\" data-element_type=\"widget\" data-widget_type=\"heading.default\">\n\t\t\t\t<div class=\"elementor-widget-container\">\n\t\t\t\t\t<h2 class=\"elementor-heading-title elementor-size-default\">Tenuta Palazzo Battaglini<\/h2>\t\t\t\t<\/div>\n\t\t\t\t<\/div>\n\t\t\t\t<div class=\"elementor-element elementor-element-96ba2dd elementor-widget elementor-widget-heading\" data-id=\"96ba2dd\" data-element_type=\"widget\" data-widget_type=\"heading.default\">\n\t\t\t\t<div class=\"elementor-widget-container\">\n\t\t\t\t\t<h2 class=\"elementor-heading-title elementor-size-default\">VILLAMAGNA (CH) HA 18,69,25<\/h2>\t\t\t\t<\/div>\n\t\t\t\t<\/div>\n\t\t\t\t<div class=\"elementor-element elementor-element-fec1305 elementor-widget elementor-widget-text-editor\" data-id=\"fec1305\" data-element_type=\"widget\" data-widget_type=\"text-editor.default\">\n\t\t\t\t<div class=\"elementor-widget-container\">\n\t\t\t\t\t\t\t\t\t<p>Tenuta <strong>Palazzo Battaglini<\/strong> sorge nel comune di Villamagna (Chieti), tra il massiccio della Majella e il Mar Adriatico. I suoi <strong>18 ettari di vigneti<\/strong>, coltivati principalmente con vitigni autoctoni quali <em><strong>Montepulciano<\/strong><\/em> (ha 12,91,86), <em><strong>Trebbiano<\/strong><\/em> (ha 2,39,80) e <em><strong>Pecorino<\/strong><\/em> (ha 1,72,70), si trovano ad un\u2019altezza di 255 mt s.l.m., con esposizione a Sud Est. In questo terroir, la coltivazione di grandi uve trova le condizioni ideali per esprimersi al meglio, essendo l\u2019area caratterizzata da un suolo di natura argillosa e calcareo-marnosa.<\/p>\t\t\t\t\t\t\t\t<\/div>\n\t\t\t\t<\/div>\n\t\t\t\t<\/div>\n\t\t<div class=\"elementor-element elementor-element-0780df1 e-con-full e-flex e-con e-child\" data-id=\"0780df1\" data-element_type=\"container\" data-settings=\"{&quot;background_background&quot;:&quot;classic&quot;}\">\n\t\t\t\t<\/div>\n\t\t\t\t<\/div>\n\t\t<div class=\"elementor-element elementor-element-3cc2e99 e-con-full e-flex e-con e-parent\" data-id=\"3cc2e99\" data-element_type=\"container\">\n\t\t<div class=\"elementor-element elementor-element-756ae16 e-con-full e-flex e-con e-child\" data-id=\"756ae16\" data-element_type=\"container\" data-settings=\"{&quot;background_background&quot;:&quot;classic&quot;}\">\n\t\t\t\t<\/div>\n\t\t<div class=\"elementor-element elementor-element-7af7166 e-con-full e-flex e-con e-child\" data-id=\"7af7166\" data-element_type=\"container\">\n\t\t\t\t<div class=\"elementor-element elementor-element-4c8ba48 elementor-widget elementor-widget-heading\" data-id=\"4c8ba48\" data-element_type=\"widget\" data-widget_type=\"heading.default\">\n\t\t\t\t<div class=\"elementor-widget-container\">\n\t\t\t\t\t<h2 class=\"elementor-heading-title elementor-size-default\">Tenuta Santagiusta<\/h2>\t\t\t\t<\/div>\n\t\t\t\t<\/div>\n\t\t\t\t<div class=\"elementor-element elementor-element-22dc802 elementor-widget elementor-widget-heading\" data-id=\"22dc802\" data-element_type=\"widget\" data-widget_type=\"heading.default\">\n\t\t\t\t<div class=\"elementor-widget-container\">\n\t\t\t\t\t<h2 class=\"elementor-heading-title elementor-size-default\">CAMPLI (TE) HA 3,01,20<\/h2>\t\t\t\t<\/div>\n\t\t\t\t<\/div>\n\t\t\t\t<div class=\"elementor-element elementor-element-f8e31d2 elementor-widget elementor-widget-text-editor\" data-id=\"f8e31d2\" data-element_type=\"widget\" data-widget_type=\"text-editor.default\">\n\t\t\t\t<div class=\"elementor-widget-container\">\n\t\t\t\t\t\t\t\t\t<p>Tenuta <strong>Santagiusta<\/strong> (vigneti di montagna) si estende per 3 ettari, ad un\u2019altitudine di 610 mt. s.l.m., nel territorio di Campli, in provincia di Teramo. Qui, sui pendii dell\u2019Appennino esposti a mezzogiorno, troviamo un terroir caratteristico per la coltivazione delle variet\u00e0 di <em><strong>Chardonnay<\/strong><\/em> (ha 1,50,40) e <em><strong>Pinot Nero<\/strong><\/em> (ha 1,50,80), uve che prediligono maturazioni lente e notti fredde e che qui trovano la loro migliore espressione, con un suolo magro, terreno calcareo e parzialmente argilloso.<\/p><p>Risultato eccellente per uno spumante metodo classico di alta qualit\u00e0 e autenticit\u00e0. Le tre principali componenti quali il clima, il sottosuolo e l\u2019orografia creano combinazioni uniche in vigna.<\/p>\t\t\t\t\t\t\t\t<\/div>\n\t\t\t\t<\/div>\n\t\t\t\t<\/div>\n\t\t\t\t<\/div>\n\t\t<div class=\"elementor-element elementor-element-7253712 e-con-full e-flex e-con e-parent\" data-id=\"7253712\" data-element_type=\"container\">\n\t\t<div class=\"elementor-element elementor-element-d712b22 e-con-full e-flex e-con e-child\" data-id=\"d712b22\" data-element_type=\"container\">\n\t\t\t\t<div class=\"elementor-element elementor-element-7af7c3b elementor-widget elementor-widget-heading\" data-id=\"7af7c3b\" data-element_type=\"widget\" data-widget_type=\"heading.default\">\n\t\t\t\t<div class=\"elementor-widget-container\">\n\t\t\t\t\t<h2 class=\"elementor-heading-title elementor-size-default\">Tenuta Altavilla<\/h2>\t\t\t\t<\/div>\n\t\t\t\t<\/div>\n\t\t\t\t<div class=\"elementor-element elementor-element-37bf333 elementor-widget elementor-widget-heading\" data-id=\"37bf333\" data-element_type=\"widget\" data-widget_type=\"heading.default\">\n\t\t\t\t<div class=\"elementor-widget-container\">\n\t\t\t\t\t<h2 class=\"elementor-heading-title elementor-size-default\">BUCCHIANICO (CH) HA 4,61,43<\/h2>\t\t\t\t<\/div>\n\t\t\t\t<\/div>\n\t\t\t\t<div class=\"elementor-element elementor-element-13377eb elementor-widget elementor-widget-text-editor\" data-id=\"13377eb\" data-element_type=\"widget\" data-widget_type=\"text-editor.default\">\n\t\t\t\t<div class=\"elementor-widget-container\">\n\t\t\t\t\t\t\t\t\t<p>Tenuta <strong>Altavilla<\/strong> si trova sulle dolci colline che circondano il comune di Bucchianico, in provincia di Chieti. I 4 ettari di vigneto sono dislocati ad un\u2019altezza di circa <strong>360 mt. s.l.m.<\/strong>, con un\u2019esposizione a Sud e Sud Ovest che favorisce l\u2019attivit\u00e0 fotosintetica della vite producendo una buona quantit\u00e0 di zuccheri ed alcool. Il terreno di natura argilloso-calcarea, ricco di minerali e acidit\u00e0, riflette queste caratteristiche notevolmente sulla qualit\u00e0 organolettica dei vini, quali <em><strong>Montepulciano<\/strong><\/em> (ha 2,78,14), <em><strong>Trebbiamo<\/strong><\/em> (ha 1,33,16) e <em><strong>Pecorino<\/strong><\/em> (ha 0,50,43).<\/p>\t\t\t\t\t\t\t\t<\/div>\n\t\t\t\t<\/div>\n\t\t\t\t<\/div>\n\t\t<div class=\"elementor-element elementor-element-5003bee e-con-full e-flex e-con e-child\" data-id=\"5003bee\" data-element_type=\"container\" data-settings=\"{&quot;background_background&quot;:&quot;classic&quot;}\">\n\t\t\t\t<\/div>\n\t\t\t\t<\/div>\n\t\t<div class=\"elementor-element elementor-element-afb11b1 e-con-full e-flex e-con e-parent\" data-id=\"afb11b1\" data-element_type=\"container\">\n\t\t<div class=\"elementor-element elementor-element-b585111 e-con-full e-flex e-con e-child\" data-id=\"b585111\" data-element_type=\"container\" data-settings=\"{&quot;background_background&quot;:&quot;classic&quot;}\">\n\t\t\t\t<\/div>\n\t\t<div class=\"elementor-element elementor-element-9058e31 e-con-full e-flex e-con e-child\" data-id=\"9058e31\" data-element_type=\"container\">\n\t\t\t\t<div class=\"elementor-element elementor-element-9fc0ed7 elementor-widget elementor-widget-heading\" data-id=\"9fc0ed7\" data-element_type=\"widget\" data-widget_type=\"heading.default\">\n\t\t\t\t<div class=\"elementor-widget-container\">\n\t\t\t\t\t<h2 class=\"elementor-heading-title elementor-size-default\">Tenute La Padrona<\/h2>\t\t\t\t<\/div>\n\t\t\t\t<\/div>\n\t\t\t\t<div class=\"elementor-element elementor-element-b4f21f7 elementor-widget elementor-widget-heading\" data-id=\"b4f21f7\" data-element_type=\"widget\" data-widget_type=\"heading.default\">\n\t\t\t\t<div class=\"elementor-widget-container\">\n\t\t\t\t\t<h2 class=\"elementor-heading-title elementor-size-default\">CANOSA SANNITA (CH) HA 1,35,18<\/h2>\t\t\t\t<\/div>\n\t\t\t\t<\/div>\n\t\t\t\t<div class=\"elementor-element elementor-element-7208d2b elementor-widget elementor-widget-text-editor\" data-id=\"7208d2b\" data-element_type=\"widget\" data-widget_type=\"text-editor.default\">\n\t\t\t\t<div class=\"elementor-widget-container\">\n\t\t\t\t\t\t\t\t\t<p><span data-teams=\"true\"><strong>Tenute La Padrona<\/strong> si trovano nell\u2019area limitrofa al comune di Canosa Sannita, in provincia di Chieti, tra le valli dei torrenti Venna e Sant\u2019Onofrio, il massiccio della Majella e il mare Adriatico. Gli ettari vitati si trovano ad un\u2019altitudine media di <strong>230 mt. s.l.m.<\/strong>, con esposizione prevalentemente a Sud Ovest. Il suolo tendenzialmente argilloso, calcareo e ricco di scheletro e il clima temperato mediterraneo, donano al <i><strong>Montepulciano<\/strong><\/i> (ha 0,55,90) e al <i><strong>Pinot Grigio<\/strong><\/i> (ha 0,79,28) particolare struttura ed eleganza.<\/span><\/p>\t\t\t\t\t\t\t\t<\/div>\n\t\t\t\t<\/div>\n\t\t\t\t<\/div>\n\t\t\t\t<\/div>\n\t\t<div class=\"elementor-element elementor-element-ff7bd72 e-con-full e-flex e-con e-parent\" data-id=\"ff7bd72\" data-element_type=\"container\">\n\t\t<div class=\"elementor-element elementor-element-6ea99da e-con-full e-flex e-con e-child\" data-id=\"6ea99da\" data-element_type=\"container\">\n\t\t\t\t<div class=\"elementor-element elementor-element-6da4dff elementor-widget elementor-widget-heading\" data-id=\"6da4dff\" data-element_type=\"widget\" data-widget_type=\"heading.default\">\n\t\t\t\t<div class=\"elementor-widget-container\">\n\t\t\t\t\t<h2 class=\"elementor-heading-title elementor-size-default\">Tenuta Bauglione<\/h2>\t\t\t\t<\/div>\n\t\t\t\t<\/div>\n\t\t\t\t<div class=\"elementor-element elementor-element-e73075c elementor-widget elementor-widget-heading\" data-id=\"e73075c\" data-element_type=\"widget\" data-widget_type=\"heading.default\">\n\t\t\t\t<div class=\"elementor-widget-container\">\n\t\t\t\t\t<h2 class=\"elementor-heading-title elementor-size-default\">CIVITAQUANA (PE) HA 3,39,49<\/h2>\t\t\t\t<\/div>\n\t\t\t\t<\/div>\n\t\t\t\t<div class=\"elementor-element elementor-element-d3281ab elementor-widget elementor-widget-text-editor\" data-id=\"d3281ab\" data-element_type=\"widget\" data-widget_type=\"text-editor.default\">\n\t\t\t\t<div class=\"elementor-widget-container\">\n\t\t\t\t\t\t\t\t\t<p>I vigneti della <strong>Tenuta Bauglione<\/strong> si estendono per 4 ettari di terreno ad un\u2019altitudine di <strong>450 mt. s.l.m.<\/strong>, a met\u00e0 strada tra i due fiumi Nora e Torrente Schiavone, nella zona limitrofa al comune di Civitaquana (Pescara).<\/p><p>La coltivazione \u00e8 concentrata soprattutto sullo <em><strong>Chardonnay<\/strong><\/em> (ha 1,53,65) e il <em><strong>Montepulciano<\/strong><\/em> (ha 1,85,84). Di suolo tendenzialmente argilloso e calcareo, i vigneti sono ben esposti ad Est contribuendo al mantenimento di ottime escursioni termiche.<\/p>\t\t\t\t\t\t\t\t<\/div>\n\t\t\t\t<\/div>\n\t\t\t\t<\/div>\n\t\t<div class=\"elementor-element elementor-element-bc21e51 e-con-full e-flex e-con e-child\" data-id=\"bc21e51\" data-element_type=\"container\" data-settings=\"{&quot;background_background&quot;:&quot;classic&quot;}\">\n\t\t\t\t<\/div>\n\t\t\t\t<\/div>\n\t\t<div class=\"elementor-element elementor-element-0fad682 e-con-full e-flex e-con e-parent\" data-id=\"0fad682\" data-element_type=\"container\">\n\t\t<div class=\"elementor-element elementor-element-3de9142 e-con-full e-flex e-con e-child\" data-id=\"3de9142\" data-element_type=\"container\" data-settings=\"{&quot;background_background&quot;:&quot;classic&quot;}\">\n\t\t\t\t<\/div>\n\t\t<div class=\"elementor-element elementor-element-dc25f1d e-con-full e-flex e-con e-child\" data-id=\"dc25f1d\" data-element_type=\"container\">\n\t\t\t\t<div class=\"elementor-element elementor-element-04db13c elementor-widget elementor-widget-heading\" data-id=\"04db13c\" data-element_type=\"widget\" data-widget_type=\"heading.default\">\n\t\t\t\t<div class=\"elementor-widget-container\">\n\t\t\t\t\t<h2 class=\"elementor-heading-title elementor-size-default\">Tenuta Cavaticchio<\/h2>\t\t\t\t<\/div>\n\t\t\t\t<\/div>\n\t\t\t\t<div class=\"elementor-element elementor-element-c839642 elementor-widget elementor-widget-heading\" data-id=\"c839642\" data-element_type=\"widget\" data-widget_type=\"heading.default\">\n\t\t\t\t<div class=\"elementor-widget-container\">\n\t\t\t\t\t<h2 class=\"elementor-heading-title elementor-size-default\">SPOLTORE (PE) HA 2,21,58<\/h2>\t\t\t\t<\/div>\n\t\t\t\t<\/div>\n\t\t\t\t<div class=\"elementor-element elementor-element-1a727ba elementor-widget elementor-widget-text-editor\" data-id=\"1a727ba\" data-element_type=\"widget\" data-widget_type=\"text-editor.default\">\n\t\t\t\t<div class=\"elementor-widget-container\">\n\t\t\t\t\t\t\t\t\t<p>Tenuta <strong>Cavaticchio<\/strong> \u00e8 locata nel comune di Spoltore, in provincia di Pescara. A pochi km dal Mar Adriatico, i suoi ettari vitati sono coltivati principalmente a <em><strong>Montepulciano<\/strong><\/em> (ha 2,21,58), in una splendida zona collinare, ad un\u2019altitudine di circa <strong>157 mt. s.l.m.<\/strong><\/p><p>Il clima mite, caratterizzato da lontane brezze che mitigano sia il calore estivo sia il rigore dell\u2019inverno e la composizione del suolo di natura argilloso-calcarea, esaltano il carattere e la personalit\u00e0 del vino di questo grande territorio.<\/p>\t\t\t\t\t\t\t\t<\/div>\n\t\t\t\t<\/div>\n\t\t\t\t<\/div>\n\t\t\t\t<\/div>\n\t\t\t\t<\/div>","protected":false},"excerpt":{"rendered":"<p>https:\/\/cordano.it\/wp-content\/uploads\/2025\/01\/cartinaanimata.mp4 LE TENUTE Tenuta Marchesi de&#8217; Cordano LORETO APRUTINO (PE) HA 17,43,27 La Tenuta Marchesi de\u2019 Cordano si trova a 30 km dal massiccio del Gran Sasso e a 30km dal Mar Adriatico, nella zona collinare che circonda Loreto Aprutino, ad un\u2019altitudine di 307 mt. s.l.m., con esposizione a Sud e Sud Est. I suoi [&hellip;]<\/p>","protected":false},"author":1,"featured_media":0,"parent":0,"menu_order":0,"comment_status":"closed","ping_status":"closed","template":"","meta":{"footnotes":""},"class_list":["post-1169","page","type-page","status-publish","hentry"],"yoast_head":"<!-- This site is optimized with the Yoast SEO plugin v24.5 - https:\/\/yoast.com\/wordpress\/plugins\/seo\/ -->\n<title>Tenute - Cordano Group<\/title>\n<meta name=\"robots\" content=\"index, follow, max-snippet:-1, max-image-preview:large, max-video-preview:-1\" \/>\n<link rel=\"canonical\" href=\"https:\/\/cordano.it\/en\/tenute\/\" \/>\n<meta property=\"og:locale\" content=\"en_US\" \/>\n<meta property=\"og:type\" content=\"article\" \/>\n<meta property=\"og:title\" content=\"Tenute - Cordano Group\" \/>\n<meta property=\"og:description\" content=\"https:\/\/cordano.it\/wp-content\/uploads\/2025\/01\/cartinaanimata.mp4 LE TENUTE Tenuta Marchesi de&#8217; Cordano LORETO APRUTINO (PE) HA 17,43,27 La Tenuta Marchesi de\u2019 Cordano si trova a 30 km dal massiccio del Gran Sasso e a 30km dal Mar Adriatico, nella zona collinare che circonda Loreto Aprutino, ad un\u2019altitudine di 307 mt. s.l.m., con esposizione a Sud e Sud Est. I suoi [&hellip;]\" \/>\n<meta property=\"og:url\" content=\"https:\/\/cordano.it\/en\/tenute\/\" \/>\n<meta property=\"og:site_name\" content=\"Cordano Group\" \/>\n<meta property=\"article:modified_time\" content=\"2025-02-07T17:13:22+00:00\" \/>\n<meta name=\"twitter:card\" content=\"summary_large_image\" \/>\n<meta name=\"twitter:label1\" content=\"Est. reading time\" \/>\n\t<meta name=\"twitter:data1\" content=\"3 minutes\" \/>\n<script type=\"application\/ld+json\" class=\"yoast-schema-graph\">{\"@context\":\"https:\/\/schema.org\",\"@graph\":[{\"@type\":\"WebPage\",\"@id\":\"https:\/\/cordano.it\/tenute\/\",\"url\":\"https:\/\/cordano.it\/tenute\/\",\"name\":\"Tenute - Cordano Group\",\"isPartOf\":{\"@id\":\"https:\/\/cordano.it\/#website\"},\"datePublished\":\"2025-01-07T17:43:53+00:00\",\"dateModified\":\"2025-02-07T17:13:22+00:00\",\"inLanguage\":\"en-US\",\"potentialAction\":[{\"@type\":\"ReadAction\",\"target\":[\"https:\/\/cordano.it\/tenute\/\"]}]},{\"@type\":\"WebSite\",\"@id\":\"https:\/\/cordano.it\/#website\",\"url\":\"https:\/\/cordano.it\/\",\"name\":\"Cordano Group\",\"description\":\"\",\"potentialAction\":[{\"@type\":\"SearchAction\",\"target\":{\"@type\":\"EntryPoint\",\"urlTemplate\":\"https:\/\/cordano.it\/?s={search_term_string}\"},\"query-input\":{\"@type\":\"PropertyValueSpecification\",\"valueRequired\":true,\"valueName\":\"search_term_string\"}}],\"inLanguage\":\"en-US\"}]}<\/script>\n<!-- \/ Yoast SEO plugin. -->","yoast_head_json":{"title":"Tenute - Cordano Group","robots":{"index":"index","follow":"follow","max-snippet":"max-snippet:-1","max-image-preview":"max-image-preview:large","max-video-preview":"max-video-preview:-1"},"canonical":"https:\/\/cordano.it\/en\/tenute\/","og_locale":"en_US","og_type":"article","og_title":"Tenute - Cordano Group","og_description":"https:\/\/cordano.it\/wp-content\/uploads\/2025\/01\/cartinaanimata.mp4 LE TENUTE Tenuta Marchesi de&#8217; Cordano LORETO APRUTINO (PE) HA 17,43,27 La Tenuta Marchesi de\u2019 Cordano si trova a 30 km dal massiccio del Gran Sasso e a 30km dal Mar Adriatico, nella zona collinare che circonda Loreto Aprutino, ad un\u2019altitudine di 307 mt. s.l.m., con esposizione a Sud e Sud Est. I suoi [&hellip;]","og_url":"https:\/\/cordano.it\/en\/tenute\/","og_site_name":"Cordano Group","article_modified_time":"2025-02-07T17:13:22+00:00","twitter_card":"summary_large_image","twitter_misc":{"Est. reading time":"3 minutes"},"schema":{"@context":"https:\/\/schema.org","@graph":[{"@type":"WebPage","@id":"https:\/\/cordano.it\/tenute\/","url":"https:\/\/cordano.it\/tenute\/","name":"Tenute - Cordano Group","isPartOf":{"@id":"https:\/\/cordano.it\/#website"},"datePublished":"2025-01-07T17:43:53+00:00","dateModified":"2025-02-07T17:13:22+00:00","inLanguage":"en-US","potentialAction":[{"@type":"ReadAction","target":["https:\/\/cordano.it\/tenute\/"]}]},{"@type":"WebSite","@id":"https:\/\/cordano.it\/#website","url":"https:\/\/cordano.it\/","name":"Cordano Group","description":"","potentialAction":[{"@type":"SearchAction","target":{"@type":"EntryPoint","urlTemplate":"https:\/\/cordano.it\/?s={search_term_string}"},"query-input":{"@type":"PropertyValueSpecification","valueRequired":true,"valueName":"search_term_string"}}],"inLanguage":"en-US"}]}},"_links":{"self":[{"href":"https:\/\/cordano.it\/en\/wp-json\/wp\/v2\/pages\/1169","targetHints":{"allow":["GET"]}}],"collection":[{"href":"https:\/\/cordano.it\/en\/wp-json\/wp\/v2\/pages"}],"about":[{"href":"https:\/\/cordano.it\/en\/wp-json\/wp\/v2\/types\/page"}],"author":[{"embeddable":true,"href":"https:\/\/cordano.it\/en\/wp-json\/wp\/v2\/users\/1"}],"replies":[{"embeddable":true,"href":"https:\/\/cordano.it\/en\/wp-json\/wp\/v2\/comments?post=1169"}],"version-history":[{"count":43,"href":"https:\/\/cordano.it\/en\/wp-json\/wp\/v2\/pages\/1169\/revisions"}],"predecessor-version":[{"id":1287,"href":"https:\/\/cordano.it\/en\/wp-json\/wp\/v2\/pages\/1169\/revisions\/1287"}],"wp:attachment":[{"href":"https:\/\/cordano.it\/en\/wp-json\/wp\/v2\/media?parent=1169"}],"curies":[{"name":"wp","href":"https:\/\/api.w.org\/{rel}","templated":true}]}}